{"id":19733,"date":"2025-07-17T12:02:32","date_gmt":"2025-07-17T10:02:32","guid":{"rendered":"https:\/\/www.estorrent.net\/llaut\/"},"modified":"2025-07-21T11:14:38","modified_gmt":"2025-07-21T09:14:38","slug":"barca-de-pesca","status":"publish","type":"page","link":"https:\/\/www.estorrent.net\/ca\/barca-de-pesca\/","title":{"rendered":"Barca de pesca"},"content":{"rendered":"<div class=\"wpb-content-wrapper\"><p>[vc_row css_animation=&#8221;&#8221; row_type=&#8221;row&#8221; use_row_as_full_screen_section=&#8221;no&#8221; type=&#8221;full_width&#8221; angled_section=&#8221;no&#8221; text_align=&#8221;left&#8221; background_image_as_pattern=&#8221;without_pattern&#8221;][vc_column width=&#8221;5\/6&#8243;][vc_column_text]Es Torrent t\u00e9 un vaixell de pesca propi, un lla\u00fct tradicional que proporciona al nostre rebost les especialitats m\u00e9s demandades de la mar pitiusa. L&#8217;embarcaci\u00f3 es diu \u2018Nuevo San Antonio\u2019 i fa feina per la costa est d&#8217;Eivissa. A bord treballen en Guillermo, el patr\u00f3, i en Marcos, el seu ajudant, que van variant d&#8217;aparells al llarg de l&#8217;any, en funci\u00f3 de les temporades de cada esp\u00e8cie i les vedes.[\/vc_column_text][\/vc_column][vc_column width=&#8221;1\/6&#8243;][\/vc_column][\/vc_row][vc_row css_animation=&#8221;&#8221; row_type=&#8221;row&#8221; use_row_as_full_screen_section=&#8221;no&#8221; type=&#8221;full_width&#8221; angled_section=&#8221;no&#8221; text_align=&#8221;left&#8221; background_image_as_pattern=&#8221;without_pattern&#8221; css=&#8221;.vc_custom_1752748168359{margin-top: 40px !important;}&#8221; z_index=&#8221;&#8221;][vc_column][vc_single_image image=&#8221;19724&#8243; img_size=&#8221;full&#8221; qode_css_animation=&#8221;&#8221;][\/vc_column][\/vc_row][vc_row css_animation=&#8221;&#8221; row_type=&#8221;row&#8221; use_row_as_full_screen_section=&#8221;no&#8221; type=&#8221;full_width&#8221; angled_section=&#8221;no&#8221; text_align=&#8221;left&#8221; background_image_as_pattern=&#8221;without_pattern&#8221; css=&#8221;.vc_custom_1752748190407{margin-top: 30px !important;}&#8221; z_index=&#8221;&#8221;][vc_column width=&#8221;5\/6&#8243;][vc_column_text]Durant l&#8217;estiu ens omplen de llagostes els vivers i tamb\u00e9 ens proporcionen esp\u00e8cies tan delicioses com el gall de Sant Pere o la roja, juntament amb s\u00e9pies i peix de roca variat amb el qual elaboram els intensos brous que potencien el sabor dels nostres guisats mariners.<\/p>\n<p>&nbsp;<\/p>\n<p>L&#8217;adquisici\u00f3 i manteniment del \u2018Nuevo San Antonio\u2019 representa una aposta per la pesca artesanal eivissenca, amb l&#8217;objectiu de mantenir les tradicions i oferir als nostres clients l&#8217;aut\u00e8ntic producte local que impera a la nostra cuina.[\/vc_column_text][\/vc_column][vc_column width=&#8221;1\/6&#8243;][\/vc_column][\/vc_row][vc_row css_animation=&#8221;&#8221; row_type=&#8221;row&#8221; use_row_as_full_screen_section=&#8221;no&#8221; type=&#8221;full_width&#8221; angled_section=&#8221;no&#8221; text_align=&#8221;left&#8221; background_image_as_pattern=&#8221;without_pattern&#8221; css=&#8221;.vc_custom_1752748328772{margin-top: 40px !important;margin-bottom: 100px !important;}&#8221; z_index=&#8221;&#8221;][vc_column][vc_gallery type=&#8221;image_grid&#8221; images=&#8221;19727,19730&#8243; img_size=&#8221;full&#8221; column_number=&#8221;2&#8243; grayscale=&#8221;no&#8221; images_space=&#8221;gallery_with_space&#8221;][\/vc_column][\/vc_row]<\/p>\n<\/div>","protected":false},"excerpt":{"rendered":"<p>[vc_row css_animation=&#8221;&#8221; row_type=&#8221;row&#8221; use_row_as_full_screen_section=&#8221;no&#8221; type=&#8221;full_width&#8221; angled_section=&#8221;no&#8221; text_align=&#8221;left&#8221; background_image_as_pattern=&#8221;without_pattern&#8221;][vc_column width=&#8221;5\/6&#8243;][vc_column_text]Es Torrent t\u00e9 un vaixell de pesca propi, un lla\u00fct tradicional que proporciona al nostre rebost les especialitats m\u00e9s demandades de la mar pitiusa. L&#8217;embarcaci\u00f3 es diu \u2018Nuevo San Antonio\u2019 i fa feina per la costa est d&#8217;Eivissa. A bord treballen en Guillermo, el patr\u00f3, i en Marcos, el seu ajudant, que&#8230;<\/p>\n","protected":false},"author":1,"featured_media":0,"parent":0,"menu_order":0,"comment_status":"closed","ping_status":"closed","template":"","meta":{"footnotes":""},"class_list":["post-19733","page","type-page","status-publish","hentry"],"yoast_head":"<!-- This site is optimized with the Yoast SEO plugin v26.7 - https:\/\/yoast.com\/wordpress\/plugins\/seo\/ -->\n<title>Barca de pesca - Restaurante Es Torrent<\/title>\n<meta name=\"description\" content=\"Es Torrent t\u00e9 un vaixell de pesca propi, un lla\u00fct tradicional que proporciona al nostre rebost les especialitats m\u00e9s demandades de la mar pitiusa.\" \/>\n<meta name=\"robots\" content=\"index, follow, max-snippet:-1, max-image-preview:large, max-video-preview:-1\" \/>\n<link rel=\"canonical\" href=\"https:\/\/www.estorrent.net\/barca-de-pesca\/\" \/>\n<meta property=\"og:locale\" content=\"ca_ES\" \/>\n<meta property=\"og:type\" content=\"article\" \/>\n<meta property=\"og:title\" content=\"Barca de pesca - Restaurante Es Torrent\" \/>\n<meta property=\"og:description\" content=\"Es Torrent t\u00e9 un vaixell de pesca propi, un lla\u00fct tradicional que proporciona al nostre rebost les especialitats m\u00e9s demandades de la mar pitiusa.\" \/>\n<meta property=\"og:url\" content=\"https:\/\/www.estorrent.net\/barca-de-pesca\/\" \/>\n<meta property=\"og:site_name\" content=\"Restaurante Es Torrent\" \/>\n<meta property=\"article:modified_time\" content=\"2025-07-21T09:14:38+00:00\" \/>\n<meta name=\"twitter:card\" content=\"summary_large_image\" \/>\n<meta name=\"twitter:label1\" content=\"Temps estimat de lectura\" \/>\n\t<meta name=\"twitter:data1\" content=\"2 minuts\" \/>\n<script type=\"application\/ld+json\" class=\"yoast-schema-graph\">{\"@context\":\"https:\/\/schema.org\",\"@graph\":[{\"@type\":\"WebPage\",\"@id\":\"https:\/\/www.estorrent.net\/barca-de-pesca\/\",\"url\":\"https:\/\/www.estorrent.net\/barca-de-pesca\/\",\"name\":\"Barca de pesca - Restaurante Es Torrent\",\"isPartOf\":{\"@id\":\"https:\/\/www.estorrent.net\/#website\"},\"datePublished\":\"2025-07-17T10:02:32+00:00\",\"dateModified\":\"2025-07-21T09:14:38+00:00\",\"description\":\"Es Torrent t\u00e9 un vaixell de pesca propi, un lla\u00fct tradicional que proporciona al nostre rebost les especialitats m\u00e9s demandades de la mar pitiusa.\",\"breadcrumb\":{\"@id\":\"https:\/\/www.estorrent.net\/barca-de-pesca\/#breadcrumb\"},\"inLanguage\":\"ca\",\"potentialAction\":[{\"@type\":\"ReadAction\",\"target\":[\"https:\/\/www.estorrent.net\/barca-de-pesca\/\"]}]},{\"@type\":\"BreadcrumbList\",\"@id\":\"https:\/\/www.estorrent.net\/barca-de-pesca\/#breadcrumb\",\"itemListElement\":[{\"@type\":\"ListItem\",\"position\":1,\"name\":\"Portada\",\"item\":\"https:\/\/www.estorrent.net\/\"},{\"@type\":\"ListItem\",\"position\":2,\"name\":\"Barca de pesca\"}]},{\"@type\":\"WebSite\",\"@id\":\"https:\/\/www.estorrent.net\/#website\",\"url\":\"https:\/\/www.estorrent.net\/\",\"name\":\"Restaurante Es Torrent\",\"description\":\"\",\"potentialAction\":[{\"@type\":\"SearchAction\",\"target\":{\"@type\":\"EntryPoint\",\"urlTemplate\":\"https:\/\/www.estorrent.net\/?s={search_term_string}\"},\"query-input\":{\"@type\":\"PropertyValueSpecification\",\"valueRequired\":true,\"valueName\":\"search_term_string\"}}],\"inLanguage\":\"ca\"}]}<\/script>\n<!-- \/ Yoast SEO plugin. -->","yoast_head_json":{"title":"Barca de pesca - Restaurante Es Torrent","description":"Es Torrent t\u00e9 un vaixell de pesca propi, un lla\u00fct tradicional que proporciona al nostre rebost les especialitats m\u00e9s demandades de la mar pitiusa.","robots":{"index":"index","follow":"follow","max-snippet":"max-snippet:-1","max-image-preview":"max-image-preview:large","max-video-preview":"max-video-preview:-1"},"canonical":"https:\/\/www.estorrent.net\/barca-de-pesca\/","og_locale":"ca_ES","og_type":"article","og_title":"Barca de pesca - Restaurante Es Torrent","og_description":"Es Torrent t\u00e9 un vaixell de pesca propi, un lla\u00fct tradicional que proporciona al nostre rebost les especialitats m\u00e9s demandades de la mar pitiusa.","og_url":"https:\/\/www.estorrent.net\/barca-de-pesca\/","og_site_name":"Restaurante Es Torrent","article_modified_time":"2025-07-21T09:14:38+00:00","twitter_card":"summary_large_image","twitter_misc":{"Temps estimat de lectura":"2 minuts"},"schema":{"@context":"https:\/\/schema.org","@graph":[{"@type":"WebPage","@id":"https:\/\/www.estorrent.net\/barca-de-pesca\/","url":"https:\/\/www.estorrent.net\/barca-de-pesca\/","name":"Barca de pesca - Restaurante Es Torrent","isPartOf":{"@id":"https:\/\/www.estorrent.net\/#website"},"datePublished":"2025-07-17T10:02:32+00:00","dateModified":"2025-07-21T09:14:38+00:00","description":"Es Torrent t\u00e9 un vaixell de pesca propi, un lla\u00fct tradicional que proporciona al nostre rebost les especialitats m\u00e9s demandades de la mar pitiusa.","breadcrumb":{"@id":"https:\/\/www.estorrent.net\/barca-de-pesca\/#breadcrumb"},"inLanguage":"ca","potentialAction":[{"@type":"ReadAction","target":["https:\/\/www.estorrent.net\/barca-de-pesca\/"]}]},{"@type":"BreadcrumbList","@id":"https:\/\/www.estorrent.net\/barca-de-pesca\/#breadcrumb","itemListElement":[{"@type":"ListItem","position":1,"name":"Portada","item":"https:\/\/www.estorrent.net\/"},{"@type":"ListItem","position":2,"name":"Barca de pesca"}]},{"@type":"WebSite","@id":"https:\/\/www.estorrent.net\/#website","url":"https:\/\/www.estorrent.net\/","name":"Restaurante Es Torrent","description":"","potentialAction":[{"@type":"SearchAction","target":{"@type":"EntryPoint","urlTemplate":"https:\/\/www.estorrent.net\/?s={search_term_string}"},"query-input":{"@type":"PropertyValueSpecification","valueRequired":true,"valueName":"search_term_string"}}],"inLanguage":"ca"}]}},"_links":{"self":[{"href":"https:\/\/www.estorrent.net\/ca\/wp-json\/wp\/v2\/pages\/19733","targetHints":{"allow":["GET"]}}],"collection":[{"href":"https:\/\/www.estorrent.net\/ca\/wp-json\/wp\/v2\/pages"}],"about":[{"href":"https:\/\/www.estorrent.net\/ca\/wp-json\/wp\/v2\/types\/page"}],"author":[{"embeddable":true,"href":"https:\/\/www.estorrent.net\/ca\/wp-json\/wp\/v2\/users\/1"}],"replies":[{"embeddable":true,"href":"https:\/\/www.estorrent.net\/ca\/wp-json\/wp\/v2\/comments?post=19733"}],"version-history":[{"count":3,"href":"https:\/\/www.estorrent.net\/ca\/wp-json\/wp\/v2\/pages\/19733\/revisions"}],"predecessor-version":[{"id":19743,"href":"https:\/\/www.estorrent.net\/ca\/wp-json\/wp\/v2\/pages\/19733\/revisions\/19743"}],"wp:attachment":[{"href":"https:\/\/www.estorrent.net\/ca\/wp-json\/wp\/v2\/media?parent=19733"}],"curies":[{"name":"wp","href":"https:\/\/api.w.org\/{rel}","templated":true}]}}