{"id":16279,"date":"2015-06-22T13:53:13","date_gmt":"2015-06-22T13:53:13","guid":{"rendered":"https:\/\/www.estorrent.net\/localizacion-y-reservas-2\/"},"modified":"2026-01-15T19:39:36","modified_gmt":"2026-01-15T18:39:36","slug":"localitzacio-i-reserves","status":"publish","type":"page","link":"https:\/\/www.estorrent.net\/ca\/localitzacio-i-reserves\/","title":{"rendered":"Localitzaci\u00f3"},"content":{"rendered":"<div class=\"wpb-content-wrapper\"><p>[vc_row css_animation=&#8221;&#8221; row_type=&#8221;row&#8221; use_row_as_full_screen_section=&#8221;no&#8221; type=&#8221;full_width&#8221; angled_section=&#8221;no&#8221; text_align=&#8221;left&#8221; background_image_as_pattern=&#8221;without_pattern&#8221;][vc_column width=&#8221;3\/4&#8243;][vc_column_text]<\/p>\n<h2>LOCALITZACI\u00d3<\/h2>\n<p>&nbsp;<\/p>\n<p>El restaurant es troba situat a la cala d&#8217;Es Torrent, en la costa sud d&#8217;Eivissa, entre les cales de Porroig i Sa Caixota. Les poblacions m\u00e9s properes s\u00f3n Sant Josep i Es Cubells.<\/p>\n<p>&nbsp;<\/p>\n<p><img loading=\"lazy\" decoding=\"async\" class=\"alignnone size-large wp-image-15839\" src=\"https:\/\/www.estorrent.net\/wp-content\/uploads\/2015\/06\/localizacion-y-reservas_localizacion_OK-1024x683.jpg\" alt=\"localizacion-y-reservas_localizacion_OK\" width=\"1024\" height=\"683\" srcset=\"https:\/\/www.estorrent.net\/wp-content\/uploads\/2015\/06\/localizacion-y-reservas_localizacion_OK-1024x683.jpg 1024w, https:\/\/www.estorrent.net\/wp-content\/uploads\/2015\/06\/localizacion-y-reservas_localizacion_OK-300x200.jpg 300w, https:\/\/www.estorrent.net\/wp-content\/uploads\/2015\/06\/localizacion-y-reservas_localizacion_OK-700x467.jpg 700w, https:\/\/www.estorrent.net\/wp-content\/uploads\/2015\/06\/localizacion-y-reservas_localizacion_OK.jpg 1900w\" sizes=\"auto, (max-width: 1024px) 100vw, 1024px\" \/><\/p>\n<p>&nbsp;<\/p>\n<p><b>Com arribar amb cotxe<\/b><\/p>\n<p>La manera m\u00e9s senzilla d&#8217;arribar a Es Torrent \u00e9s prendre la carretera d&#8217;Eivissa a Sant Josep. A l&#8217;altura del quil\u00f2metre 8,5, cal prendre un desviament a la meitat d&#8217;una corba molt pronunciada (si venim d&#8217;Eivissa, queda a l&#8217;esquerra, despr\u00e9s del bar Can Jordi). En els senyals indica \u201cPorroig\u201d. Despr\u00e9s cal seguir per aquesta carretera sense desviar-nos durant uns tres quil\u00f2metres (a mig cam\u00ed haurem de passar de llarg l&#8217;encreuament d&#8217;\u00c9s Cubells). Per fi trobem un desviament a la dreta, entre pins, que indica Es Torrent. Des d&#8217;aqu\u00ed baixam a la cala.<\/p>\n<p>&nbsp;<\/p>\n<p><b>Com arribar amb vaixell<\/b><\/p>\n<p>Es pot fondejar enfront de la mateixa cala d&#8217;Es Torrent o a Porroig. Tenim servei d&#8217;auxiliar, per traslladar als nostres clients al restaurant i retornar-los a les seves embarcacions. \u00c9s un punt ideal d\u2019ancoratge en la travessia Eivissa-Denia.<br \/>\nGPS: 38\u00ba 52,5&#8217;N &#8211; 001\u00ba 17,5E.<a href=\"https:\/\/www.estorrent.net\/wp-content\/uploads\/2015\/07\/cartanautica.jpg\" target=\"_blank\" rel=\"nobox noopener noreferrer\" rel=\"lightbox[16279]\">Veure Carta N\u00e0utica<\/a> (1.4 MB)[\/vc_column_text][\/vc_column][vc_column width=&#8221;1\/4&#8243; el_class=&#8221;reservas&#8221; css=&#8221;.vc_custom_1715332358564{padding-left: 30px !important;}&#8221;][vc_column_text css=&#8221;&#8221;]<\/p>\n<h2>HORARI<\/h2>\n<p>El 2026 obrim des del 24 d&#8217;abril fins al 25 d&#8217;octubre. Horari ininterromput de cuina, de 13 a 19 hores, tots el dies. Durant els mesos d&#8217;abril, maig, juny (excepte el 24), setembre i octubre Es Torrent tanca els dimecres per a descans del personal.[\/vc_column_text][\/vc_column][\/vc_row][vc_row css_animation=&#8221;&#8221; row_type=&#8221;row&#8221; use_row_as_full_screen_section=&#8221;no&#8221; type=&#8221;full_width&#8221; angled_section=&#8221;no&#8221; text_align=&#8221;left&#8221; background_image_as_pattern=&#8221;without_pattern&#8221; css=&#8221;.vc_custom_1436443739141{margin-top: 50px !important;}&#8221;][vc_column][vc_column_text]<\/p>\n<h2>SERVEIS<\/h2>\n<p>[\/vc_column_text][\/vc_column][\/vc_row][vc_row css_animation=&#8221;&#8221; row_type=&#8221;row&#8221; use_row_as_full_screen_section=&#8221;no&#8221; type=&#8221;full_width&#8221; angled_section=&#8221;no&#8221; text_align=&#8221;left&#8221; background_image_as_pattern=&#8221;without_pattern&#8221; css=&#8221;.vc_custom_1436443821485{margin-top: 20px !important;}&#8221;][vc_column width=&#8221;1\/4&#8243;][vc_column_text]<img loading=\"lazy\" decoding=\"async\" class=\"alignnone size-full wp-image-15852\" src=\"https:\/\/www.estorrent.net\/wp-content\/uploads\/2015\/06\/localizacion-y-reservas_servicio_playa_OK.jpg\" alt=\"localizacion-y-reservas_servicio_playa_OK\" width=\"800\" height=\"536\" srcset=\"https:\/\/www.estorrent.net\/wp-content\/uploads\/2015\/06\/localizacion-y-reservas_servicio_playa_OK.jpg 800w, https:\/\/www.estorrent.net\/wp-content\/uploads\/2015\/06\/localizacion-y-reservas_servicio_playa_OK-300x201.jpg 300w, https:\/\/www.estorrent.net\/wp-content\/uploads\/2015\/06\/localizacion-y-reservas_servicio_playa_OK-700x469.jpg 700w\" sizes=\"auto, (max-width: 800px) 100vw, 800px\" \/>[\/vc_column_text][\/vc_column][vc_column width=&#8221;3\/4&#8243;][vc_column_text]<\/p>\n<h4>Servei de platja<\/h4>\n<p>A m\u00e9s del restaurant, ens ocupem del servei d&#8217;hamaques que hi ha a la platja. Els nostres clients poden optar per reservar alguna de les nostres c\u00f2modes gandules i tamb\u00e9 servim begudes i aperitius.[\/vc_column_text][\/vc_column][\/vc_row][vc_row css_animation=&#8221;&#8221; row_type=&#8221;row&#8221; use_row_as_full_screen_section=&#8221;no&#8221; type=&#8221;full_width&#8221; angled_section=&#8221;no&#8221; text_align=&#8221;left&#8221; background_image_as_pattern=&#8221;without_pattern&#8221; css=&#8221;.vc_custom_1436443828609{margin-top: 20px !important;}&#8221;][vc_column width=&#8221;1\/4&#8243;][vc_column_text]<img loading=\"lazy\" decoding=\"async\" class=\"alignnone wp-image-15856 size-full\" src=\"https:\/\/www.estorrent.net\/wp-content\/uploads\/2015\/06\/localizacion-y-reservas_servicio_auxiliar_embarcaciones_OK.jpg\" alt=\"localizacion-y-reservas_servicio_auxiliar_embarcaciones_OK\" width=\"800\" height=\"534\" srcset=\"https:\/\/www.estorrent.net\/wp-content\/uploads\/2015\/06\/localizacion-y-reservas_servicio_auxiliar_embarcaciones_OK.jpg 800w, https:\/\/www.estorrent.net\/wp-content\/uploads\/2015\/06\/localizacion-y-reservas_servicio_auxiliar_embarcaciones_OK-300x200.jpg 300w, https:\/\/www.estorrent.net\/wp-content\/uploads\/2015\/06\/localizacion-y-reservas_servicio_auxiliar_embarcaciones_OK-700x467.jpg 700w\" sizes=\"auto, (max-width: 800px) 100vw, 800px\" \/>[\/vc_column_text][\/vc_column][vc_column width=&#8221;3\/4&#8243;][vc_column_text]<\/p>\n<h4>Altres serveis<\/h4>\n<p>Comptem amb una embarcaci\u00f3 auxiliar per recollir als clients que arriben amb vaixell i fondegen als voltants.Tamb\u00e9 disposem d&#8217;un vehicle de vuit places per retornar als clients que ho requereixin al seu lloc d&#8217;allotjament.[\/vc_column_text][\/vc_column][\/vc_row]<\/p>\n<\/div>","protected":false},"excerpt":{"rendered":"<p>[vc_row css_animation=&#8221;&#8221; row_type=&#8221;row&#8221; use_row_as_full_screen_section=&#8221;no&#8221; type=&#8221;full_width&#8221; angled_section=&#8221;no&#8221; text_align=&#8221;left&#8221; background_image_as_pattern=&#8221;without_pattern&#8221;][vc_column width=&#8221;3\/4&#8243;][vc_column_text] LOCALITZACI\u00d3 &nbsp; El restaurant es troba situat a la cala d&#8217;Es Torrent, en la costa sud d&#8217;Eivissa, entre les cales de Porroig i Sa Caixota. Les poblacions m\u00e9s properes s\u00f3n Sant Josep i Es Cubells. &nbsp; &nbsp; Com arribar amb cotxe La manera m\u00e9s senzilla d&#8217;arribar a Es Torrent \u00e9s prendre&#8230;<\/p>\n","protected":false},"author":1,"featured_media":0,"parent":0,"menu_order":0,"comment_status":"open","ping_status":"open","template":"contact-page.php","meta":{"footnotes":""},"class_list":["post-16279","page","type-page","status-publish","hentry"],"yoast_head":"<!-- This site is optimized with the Yoast SEO plugin v26.7 - https:\/\/yoast.com\/wordpress\/plugins\/seo\/ -->\n<title>Localitzaci\u00f3 - Restaurante Es Torrent<\/title>\n<meta name=\"description\" content=\"LOCALITZACI\u00d3 &nbsp; El restaurant es troba situat a la cala d&#039;Es Torrent, en la costa sud d&#039;Eivissa, entre les cales de Porroig i Sa Caixota. Les\" \/>\n<meta name=\"robots\" content=\"index, follow, max-snippet:-1, max-image-preview:large, max-video-preview:-1\" \/>\n<link rel=\"canonical\" href=\"https:\/\/www.estorrent.net\/ca\/localitzacio-i-reserves\/\" \/>\n<meta property=\"og:locale\" content=\"ca_ES\" \/>\n<meta property=\"og:type\" content=\"article\" \/>\n<meta property=\"og:title\" content=\"Localitzaci\u00f3 - Restaurante Es Torrent\" \/>\n<meta property=\"og:description\" content=\"LOCALITZACI\u00d3 &nbsp; El restaurant es troba situat a la cala d&#039;Es Torrent, en la costa sud d&#039;Eivissa, entre les cales de Porroig i Sa Caixota. Les\" \/>\n<meta property=\"og:url\" content=\"https:\/\/www.estorrent.net\/ca\/localitzacio-i-reserves\/\" \/>\n<meta property=\"og:site_name\" content=\"Restaurante Es Torrent\" \/>\n<meta property=\"article:modified_time\" content=\"2026-01-15T18:39:36+00:00\" \/>\n<meta property=\"og:image\" content=\"https:\/\/www.estorrent.net\/wp-content\/uploads\/2015\/06\/localizacion-y-reservas_localizacion_OK.jpg\" \/>\n\t<meta property=\"og:image:width\" content=\"1900\" \/>\n\t<meta property=\"og:image:height\" content=\"1268\" \/>\n\t<meta property=\"og:image:type\" content=\"image\/jpeg\" \/>\n<meta name=\"twitter:card\" content=\"summary_large_image\" \/>\n<meta name=\"twitter:label1\" content=\"Temps estimat de lectura\" \/>\n\t<meta name=\"twitter:data1\" content=\"3 minuts\" \/>\n<script type=\"application\/ld+json\" class=\"yoast-schema-graph\">{\"@context\":\"https:\/\/schema.org\",\"@graph\":[{\"@type\":\"WebPage\",\"@id\":\"https:\/\/www.estorrent.net\/ca\/localitzacio-i-reserves\/\",\"url\":\"https:\/\/www.estorrent.net\/ca\/localitzacio-i-reserves\/\",\"name\":\"Localitzaci\u00f3 - Restaurante Es Torrent\",\"isPartOf\":{\"@id\":\"https:\/\/www.estorrent.net\/#website\"},\"primaryImageOfPage\":{\"@id\":\"https:\/\/www.estorrent.net\/ca\/localitzacio-i-reserves\/#primaryimage\"},\"image\":{\"@id\":\"https:\/\/www.estorrent.net\/ca\/localitzacio-i-reserves\/#primaryimage\"},\"thumbnailUrl\":\"https:\/\/www.estorrent.net\/wp-content\/uploads\/2015\/06\/localizacion-y-reservas_localizacion_OK-1024x683.jpg\",\"datePublished\":\"2015-06-22T13:53:13+00:00\",\"dateModified\":\"2026-01-15T18:39:36+00:00\",\"description\":\"LOCALITZACI\u00d3 &nbsp; El restaurant es troba situat a la cala d'Es Torrent, en la costa sud d'Eivissa, entre les cales de Porroig i Sa Caixota. Les\",\"breadcrumb\":{\"@id\":\"https:\/\/www.estorrent.net\/ca\/localitzacio-i-reserves\/#breadcrumb\"},\"inLanguage\":\"ca\",\"potentialAction\":[{\"@type\":\"ReadAction\",\"target\":[\"https:\/\/www.estorrent.net\/ca\/localitzacio-i-reserves\/\"]}]},{\"@type\":\"ImageObject\",\"inLanguage\":\"ca\",\"@id\":\"https:\/\/www.estorrent.net\/ca\/localitzacio-i-reserves\/#primaryimage\",\"url\":\"https:\/\/www.estorrent.net\/wp-content\/uploads\/2015\/06\/localizacion-y-reservas_localizacion_OK-1024x683.jpg\",\"contentUrl\":\"https:\/\/www.estorrent.net\/wp-content\/uploads\/2015\/06\/localizacion-y-reservas_localizacion_OK-1024x683.jpg\"},{\"@type\":\"BreadcrumbList\",\"@id\":\"https:\/\/www.estorrent.net\/ca\/localitzacio-i-reserves\/#breadcrumb\",\"itemListElement\":[{\"@type\":\"ListItem\",\"position\":1,\"name\":\"Portada\",\"item\":\"https:\/\/www.estorrent.net\/\"},{\"@type\":\"ListItem\",\"position\":2,\"name\":\"Localitzaci\u00f3\"}]},{\"@type\":\"WebSite\",\"@id\":\"https:\/\/www.estorrent.net\/#website\",\"url\":\"https:\/\/www.estorrent.net\/\",\"name\":\"Restaurante Es Torrent\",\"description\":\"\",\"potentialAction\":[{\"@type\":\"SearchAction\",\"target\":{\"@type\":\"EntryPoint\",\"urlTemplate\":\"https:\/\/www.estorrent.net\/?s={search_term_string}\"},\"query-input\":{\"@type\":\"PropertyValueSpecification\",\"valueRequired\":true,\"valueName\":\"search_term_string\"}}],\"inLanguage\":\"ca\"}]}<\/script>\n<!-- \/ Yoast SEO plugin. -->","yoast_head_json":{"title":"Localitzaci\u00f3 - Restaurante Es Torrent","description":"LOCALITZACI\u00d3 &nbsp; El restaurant es troba situat a la cala d'Es Torrent, en la costa sud d'Eivissa, entre les cales de Porroig i Sa Caixota. Les","robots":{"index":"index","follow":"follow","max-snippet":"max-snippet:-1","max-image-preview":"max-image-preview:large","max-video-preview":"max-video-preview:-1"},"canonical":"https:\/\/www.estorrent.net\/ca\/localitzacio-i-reserves\/","og_locale":"ca_ES","og_type":"article","og_title":"Localitzaci\u00f3 - Restaurante Es Torrent","og_description":"LOCALITZACI\u00d3 &nbsp; El restaurant es troba situat a la cala d'Es Torrent, en la costa sud d'Eivissa, entre les cales de Porroig i Sa Caixota. Les","og_url":"https:\/\/www.estorrent.net\/ca\/localitzacio-i-reserves\/","og_site_name":"Restaurante Es Torrent","article_modified_time":"2026-01-15T18:39:36+00:00","og_image":[{"width":1900,"height":1268,"url":"https:\/\/www.estorrent.net\/wp-content\/uploads\/2015\/06\/localizacion-y-reservas_localizacion_OK.jpg","type":"image\/jpeg"}],"twitter_card":"summary_large_image","twitter_misc":{"Temps estimat de lectura":"3 minuts"},"schema":{"@context":"https:\/\/schema.org","@graph":[{"@type":"WebPage","@id":"https:\/\/www.estorrent.net\/ca\/localitzacio-i-reserves\/","url":"https:\/\/www.estorrent.net\/ca\/localitzacio-i-reserves\/","name":"Localitzaci\u00f3 - Restaurante Es Torrent","isPartOf":{"@id":"https:\/\/www.estorrent.net\/#website"},"primaryImageOfPage":{"@id":"https:\/\/www.estorrent.net\/ca\/localitzacio-i-reserves\/#primaryimage"},"image":{"@id":"https:\/\/www.estorrent.net\/ca\/localitzacio-i-reserves\/#primaryimage"},"thumbnailUrl":"https:\/\/www.estorrent.net\/wp-content\/uploads\/2015\/06\/localizacion-y-reservas_localizacion_OK-1024x683.jpg","datePublished":"2015-06-22T13:53:13+00:00","dateModified":"2026-01-15T18:39:36+00:00","description":"LOCALITZACI\u00d3 &nbsp; El restaurant es troba situat a la cala d'Es Torrent, en la costa sud d'Eivissa, entre les cales de Porroig i Sa Caixota. Les","breadcrumb":{"@id":"https:\/\/www.estorrent.net\/ca\/localitzacio-i-reserves\/#breadcrumb"},"inLanguage":"ca","potentialAction":[{"@type":"ReadAction","target":["https:\/\/www.estorrent.net\/ca\/localitzacio-i-reserves\/"]}]},{"@type":"ImageObject","inLanguage":"ca","@id":"https:\/\/www.estorrent.net\/ca\/localitzacio-i-reserves\/#primaryimage","url":"https:\/\/www.estorrent.net\/wp-content\/uploads\/2015\/06\/localizacion-y-reservas_localizacion_OK-1024x683.jpg","contentUrl":"https:\/\/www.estorrent.net\/wp-content\/uploads\/2015\/06\/localizacion-y-reservas_localizacion_OK-1024x683.jpg"},{"@type":"BreadcrumbList","@id":"https:\/\/www.estorrent.net\/ca\/localitzacio-i-reserves\/#breadcrumb","itemListElement":[{"@type":"ListItem","position":1,"name":"Portada","item":"https:\/\/www.estorrent.net\/"},{"@type":"ListItem","position":2,"name":"Localitzaci\u00f3"}]},{"@type":"WebSite","@id":"https:\/\/www.estorrent.net\/#website","url":"https:\/\/www.estorrent.net\/","name":"Restaurante Es Torrent","description":"","potentialAction":[{"@type":"SearchAction","target":{"@type":"EntryPoint","urlTemplate":"https:\/\/www.estorrent.net\/?s={search_term_string}"},"query-input":{"@type":"PropertyValueSpecification","valueRequired":true,"valueName":"search_term_string"}}],"inLanguage":"ca"}]}},"_links":{"self":[{"href":"https:\/\/www.estorrent.net\/ca\/wp-json\/wp\/v2\/pages\/16279","targetHints":{"allow":["GET"]}}],"collection":[{"href":"https:\/\/www.estorrent.net\/ca\/wp-json\/wp\/v2\/pages"}],"about":[{"href":"https:\/\/www.estorrent.net\/ca\/wp-json\/wp\/v2\/types\/page"}],"author":[{"embeddable":true,"href":"https:\/\/www.estorrent.net\/ca\/wp-json\/wp\/v2\/users\/1"}],"replies":[{"embeddable":true,"href":"https:\/\/www.estorrent.net\/ca\/wp-json\/wp\/v2\/comments?post=16279"}],"version-history":[{"count":50,"href":"https:\/\/www.estorrent.net\/ca\/wp-json\/wp\/v2\/pages\/16279\/revisions"}],"predecessor-version":[{"id":19784,"href":"https:\/\/www.estorrent.net\/ca\/wp-json\/wp\/v2\/pages\/16279\/revisions\/19784"}],"wp:attachment":[{"href":"https:\/\/www.estorrent.net\/ca\/wp-json\/wp\/v2\/media?parent=16279"}],"curies":[{"name":"wp","href":"https:\/\/api.w.org\/{rel}","templated":true}]}}